{"id":4030,"date":"2015-10-22T15:31:25","date_gmt":"2015-10-22T15:31:25","guid":{"rendered":"https:\/\/www.hoorn-carbide.com\/de\/van-hoorn-carbide\/geschiedenis\/"},"modified":"2019-12-20T12:02:44","modified_gmt":"2019-12-20T11:02:44","slug":"geschichte","status":"publish","type":"page","link":"https:\/\/www.hoorn-carbide.com\/de\/van-hoorn-carbide\/geschichte\/","title":{"rendered":"Geschichte"},"content":{"rendered":"\n<style type=\"text\/css\" data-created_by=\"avia_inline_auto\" id=\"style-css-av-av_one_full-93407bb19249d2c06b1ab9d23b9661df\">\n#top .flex_column.av-av_one_full-93407bb19249d2c06b1ab9d23b9661df{\nmargin-top:0px;\nmargin-bottom:0px;\n}\n.flex_column.av-av_one_full-93407bb19249d2c06b1ab9d23b9661df{\nborder-radius:0px 0px 0px 0px;\npadding:0px 0px 0px 0px;\n}\n.responsive #top #wrap_all .flex_column.av-av_one_full-93407bb19249d2c06b1ab9d23b9661df{\nmargin-top:0px;\nmargin-bottom:0px;\n}\n<\/style>\n<div  class='flex_column av-av_one_full-93407bb19249d2c06b1ab9d23b9661df av_one_full  avia-builder-el-0  el_before_av_textblock  avia-builder-el-first  first flex_column_div av-zero-column-padding  '     ><p>\n<style type=\"text\/css\" data-created_by=\"avia_inline_auto\" id=\"style-css-av-av_heading-5d1373a568a2dcc010e06c140257a9e0\">\n#top .av-special-heading.av-av_heading-5d1373a568a2dcc010e06c140257a9e0{\npadding-bottom:0;\n}\nbody .av-special-heading.av-av_heading-5d1373a568a2dcc010e06c140257a9e0 .av-special-heading-tag .heading-char{\nfont-size:25px;\n}\n.av-special-heading.av-av_heading-5d1373a568a2dcc010e06c140257a9e0 .av-subheading{\nfont-size:15px;\n}\n<\/style>\n<div  class='av-special-heading av-av_heading-5d1373a568a2dcc010e06c140257a9e0 av-special-heading-h2 blockquote modern-quote  avia-builder-el-1  el_before_av_hr  avia-builder-el-first '><h2 class='av-special-heading-tag '  itemprop=\"headline\"  >Geschichte<\/h2><div class=\"special-heading-border\"><div class=\"special-heading-inner-border\"><\/div><\/div><\/div><br \/>\n\n<style type=\"text\/css\" data-created_by=\"avia_inline_auto\" id=\"style-css-av-av_hr-e6ff97d662658a54d89daef78872b003\">\n#top .hr.av-av_hr-e6ff97d662658a54d89daef78872b003{\nmargin-top:10px;\nmargin-bottom:10px;\n}\n.hr.av-av_hr-e6ff97d662658a54d89daef78872b003 .hr-inner{\nwidth:50px;\nborder-color:#cd2010;\n}\n<\/style>\n<div  class='hr av-av_hr-e6ff97d662658a54d89daef78872b003 hr-custom  avia-builder-el-2  el_after_av_heading  avia-builder-el-last  hr-left hr-icon-no'><span class='hr-inner inner-border-av-border-fat'><span class=\"hr-inner-style\"><\/span><\/span><\/div><\/p><\/div><section  class='av_textblock_section av-av_textblock-0366cc7376be6c9e82a3e9cc8987b64f '   itemscope=\"itemscope\" itemtype=\"https:\/\/schema.org\/CreativeWork\" ><div class='avia_textblock'  itemprop=\"text\" >\t\t<div class=\"wpostahs-slider-wrp \" data-conf=\"{&quot;dots&quot;:&quot;false&quot;,&quot;arrows&quot;:&quot;true&quot;,&quot;loop&quot;:&quot;true&quot;,&quot;autoplay&quot;:&quot;false&quot;,&quot;autoplayInterval&quot;:&quot;7000&quot;,&quot;speed&quot;:&quot;1000&quot;,&quot;fade&quot;:&quot;false&quot;,&quot;rtl&quot;:&quot;false&quot;,&quot;centermode&quot;:&quot;false&quot;,&quot;slidestoshow&quot;:3,&quot;lazyload&quot;:&quot;&quot;}\">\r\n\t\t\t<div class=\"wpostahs-slider wpostahs-slider-inner-wrp wpostahs-slider-design-2\">\r\n\t\t\t\t\n<div id=\"wpostahs-slider-nav-1\" class=\"wpostahs-slider-nav-1 wpostahs-slider-nav wpostahs-slick-slider\" data-slider-nav-for='wpostahs-slider-for-1'>\n\t\t\t\t<div class=\"wpostahs-slider-nav-title\">\n\t\t\t<div class=\"wpostahs-main-title\">\n\t\t\t\t<button><\/button>\n\t\t\t<\/div>\n\t\t\t<div class=\"wpostahs-title\">1990<\/div>\n\t\t<\/div>\n\t\t\t<div class=\"wpostahs-slider-nav-title\">\n\t\t\t<div class=\"wpostahs-main-title\">\n\t\t\t\t<button><\/button>\n\t\t\t<\/div>\n\t\t\t<div class=\"wpostahs-title\">1994<\/div>\n\t\t<\/div>\n\t\t\t<div class=\"wpostahs-slider-nav-title\">\n\t\t\t<div class=\"wpostahs-main-title\">\n\t\t\t\t<button><\/button>\n\t\t\t<\/div>\n\t\t\t<div class=\"wpostahs-title\">1997<\/div>\n\t\t<\/div>\n\t\t\t<div class=\"wpostahs-slider-nav-title\">\n\t\t\t<div class=\"wpostahs-main-title\">\n\t\t\t\t<button><\/button>\n\t\t\t<\/div>\n\t\t\t<div class=\"wpostahs-title\">1998<\/div>\n\t\t<\/div>\n\t\t\t<div class=\"wpostahs-slider-nav-title\">\n\t\t\t<div class=\"wpostahs-main-title\">\n\t\t\t\t<button><\/button>\n\t\t\t<\/div>\n\t\t\t<div class=\"wpostahs-title\">1999<\/div>\n\t\t<\/div>\n\t\t\t<div class=\"wpostahs-slider-nav-title\">\n\t\t\t<div class=\"wpostahs-main-title\">\n\t\t\t\t<button><\/button>\n\t\t\t<\/div>\n\t\t\t<div class=\"wpostahs-title\">2003<\/div>\n\t\t<\/div>\n\t\t\t<div class=\"wpostahs-slider-nav-title\">\n\t\t\t<div class=\"wpostahs-main-title\">\n\t\t\t\t<button><\/button>\n\t\t\t<\/div>\n\t\t\t<div class=\"wpostahs-title\">2004<\/div>\n\t\t<\/div>\n\t\t\t<div class=\"wpostahs-slider-nav-title\">\n\t\t\t<div class=\"wpostahs-main-title\">\n\t\t\t\t<button><\/button>\n\t\t\t<\/div>\n\t\t\t<div class=\"wpostahs-title\">2005<\/div>\n\t\t<\/div>\n\t\t\t<div class=\"wpostahs-slider-nav-title\">\n\t\t\t<div class=\"wpostahs-main-title\">\n\t\t\t\t<button><\/button>\n\t\t\t<\/div>\n\t\t\t<div class=\"wpostahs-title\">2006<\/div>\n\t\t<\/div>\n\t\t\t<div class=\"wpostahs-slider-nav-title\">\n\t\t\t<div class=\"wpostahs-main-title\">\n\t\t\t\t<button><\/button>\n\t\t\t<\/div>\n\t\t\t<div class=\"wpostahs-title\">2008<\/div>\n\t\t<\/div>\n\t\t\t<div class=\"wpostahs-slider-nav-title\">\n\t\t\t<div class=\"wpostahs-main-title\">\n\t\t\t\t<button><\/button>\n\t\t\t<\/div>\n\t\t\t<div class=\"wpostahs-title\">2009<\/div>\n\t\t<\/div>\n\t\t\t<div class=\"wpostahs-slider-nav-title\">\n\t\t\t<div class=\"wpostahs-main-title\">\n\t\t\t\t<button><\/button>\n\t\t\t<\/div>\n\t\t\t<div class=\"wpostahs-title\">2015<\/div>\n\t\t<\/div>\n\t\t\t<div class=\"wpostahs-slider-nav-title\">\n\t\t\t<div class=\"wpostahs-main-title\">\n\t\t\t\t<button><\/button>\n\t\t\t<\/div>\n\t\t\t<div class=\"wpostahs-title\">2017<\/div>\n\t\t<\/div>\n\t<\/div>\n\n<div class=\"wpostahs-slider-for-1 wpostahs-slider-for wpostahs-slick-slider\">\n\t\t\t\n\t\t<div class=\"wpostahs-slider-nav-content\">\n\t\t<h2 class=\"wpostahs-centent-title\">1990<\/h2>\n\t\t\t<div class=\"wpostahs-centent\">\n\t\t\t\t<p>&nbsp;<\/p>\n<p>Zerspanungsberatung\/Bearbeitungsberatungsgesellschaft Van Hoorn Hardmetaal wird von Peter und Lenie van Hoorn gegr\u00fcndet.<\/p>\n<p>Verschiedene europ\u00e4ische Handelszeichen von Zerspanungswerkzeugen werden vertrieben. Sowohl Beratung als auch Unterst\u00fctzung sind Teil des Markenzeichens des Unternehmens.<\/p>\n\t\t\t<\/div>\n\n\t\t\t\t<\/div>\n\t\t\t\n\t\t<div class=\"wpostahs-slider-nav-content\">\n\t\t<h2 class=\"wpostahs-centent-title\">1994<\/h2>\n\t\t\t<div class=\"wpostahs-centent\">\n\t\t\t\t<p>Van Hoorn Hardmetaal bezieht einen stilvollen neuen Standort auf der Zuid-Willemsvaart in Weert.<\/p>\n\t\t\t<\/div>\n\n\t\t\t\t<\/div>\n\t\t\t\n\t\t<div class=\"wpostahs-slider-nav-content\">\n\t\t<h2 class=\"wpostahs-centent-title\">1997<\/h2>\n\t\t\t<div class=\"wpostahs-centent\">\n\t\t\t\t<p>Eine eigene Produktion wird angefangen.<\/p>\n<p>Van Hoorn Hardmetaal startet das Schleifen von Schleifverschlei\u00dfteilen als n\u00e4chster Schritt in der Entwicklung dieser Gesellschaft.<\/p>\n\t\t\t<\/div>\n\n\t\t\t\t<\/div>\n\t\t\t\n\t\t<div class=\"wpostahs-slider-nav-content\">\n\t\t<h2 class=\"wpostahs-centent-title\">1998<\/h2>\n\t\t\t<div class=\"wpostahs-centent\">\n\t\t\t\t<p>Ein Meilenstein in der Firmenhistorie: Van Hoorn Hardmetaal beginnt mit der Einf\u00fchrung und Produktion eines eigenen Hartmetallfr\u00e4serprogramms.<\/p>\n\t\t\t<\/div>\n\n\t\t\t\t<\/div>\n\t\t\t\n\t\t<div class=\"wpostahs-slider-nav-content\">\n\t\t<h2 class=\"wpostahs-centent-title\">1999<\/h2>\n\t\t\t<div class=\"wpostahs-centent\">\n\t\t\t\t<p>&nbsp;<\/p>\n<p>Van Hoorn Hardmetaal zieht um zu einem neuen Geb\u00e4ude in der Copernicusstraat.<\/p>\n<p>Das B\u00fcrogeb\u00e4ude an der Noordkade wird zu Krapp. Auch die Produktionsumgebung wird viel zu klein. In dieser Situation ist es schwer die hohe Qualit\u00e4t die Van Hoorn Hardmetaal verspricht, zu gew\u00e4hrleisten. Deshalb werden in 1999 alle Aktivit\u00e4ten konzentriert im einem modernen Standort in der Copernicusstraat.<\/p>\n\t\t\t<\/div>\n\n\t\t\t\t<\/div>\n\t\t\t\n\t\t<div class=\"wpostahs-slider-nav-content\">\n\t\t<h2 class=\"wpostahs-centent-title\">2003<\/h2>\n\t\t\t<div class=\"wpostahs-centent\">\n\t\t\t\t<p>Dan Unternehmen gr\u00fcndet seine erste ausl\u00e4ndische Niederlassung in Hongkong unter dem Namen &#8222;Pacific Carbide&#8220;. Van Hoorn Hardmetaal geht weltweit!<\/p>\n\t\t\t<\/div>\n\n\t\t\t\t<\/div>\n\t\t\t\n\t\t<div class=\"wpostahs-slider-nav-content\">\n\t\t<h2 class=\"wpostahs-centent-title\">2004<\/h2>\n\t\t\t<div class=\"wpostahs-centent\">\n\t\t\t\t<p>Der Merknamen &#8222;Van Hoorn Carbide&#8220; wird offiziell eingef\u00fchrt.<\/p>\n\t\t\t<\/div>\n\n\t\t\t\t<\/div>\n\t\t\t\n\t\t<div class=\"wpostahs-slider-nav-content\">\n\t\t<h2 class=\"wpostahs-centent-title\">2005<\/h2>\n\t\t\t<div class=\"wpostahs-centent\">\n\t\t\t\t<p>Die Gr\u00fcndung von Van Hoorn Carbide Shenzhen, China.<\/p>\n\t\t\t<\/div>\n\n\t\t\t\t<\/div>\n\t\t\t\n\t\t<div class=\"wpostahs-slider-nav-content\">\n\t\t<h2 class=\"wpostahs-centent-title\">2006<\/h2>\n\t\t\t<div class=\"wpostahs-centent\">\n\t\t\t\t<p>Die zweite Generation der Familie van Hoorn \u00fcbernimmt die Betriebsf\u00fchrung.<\/p>\n<p>Beide S\u00f6hne nehmen Ihre eigene Rolle innerhalb des Unternehmens ein: Ralph van Hoorn als CEO und Patrick van Hoorn als Finanzdirektor. Van Hoorn Carbide ist jetzt bereit f\u00fcr die Zukunft!<\/p>\n\t\t\t<\/div>\n\n\t\t\t\t<\/div>\n\t\t\t\n\t\t<div class=\"wpostahs-slider-nav-content\">\n\t\t<h2 class=\"wpostahs-centent-title\">2008<\/h2>\n\t\t\t<div class=\"wpostahs-centent\">\n\t\t\t\t<p>Die Gr\u00fcndung von Van Hoorn Carbide Belgien.<\/p>\n\t\t\t<\/div>\n\n\t\t\t\t<\/div>\n\t\t\t\n\t\t<div class=\"wpostahs-slider-nav-content\">\n\t\t<h2 class=\"wpostahs-centent-title\">2009<\/h2>\n\t\t\t<div class=\"wpostahs-centent\">\n\t\t\t\t<p>Die Einf\u00fchrung der PARA Tooling Fr\u00e4ser. Der zweite Markenname im Programm, perfekt f\u00fcr kleinere Produktionsbetriebe und allgemeine Anwendungen.<\/p>\n\t\t\t<\/div>\n\n\t\t\t\t<\/div>\n\t\t\t\n\t\t<div class=\"wpostahs-slider-nav-content\">\n\t\t<h2 class=\"wpostahs-centent-title\">2015<\/h2>\n\t\t\t<div class=\"wpostahs-centent\">\n\t\t\t\t<p>Van Hoorn Carbide macht 25!<\/p>\n\t\t\t<\/div>\n\n\t\t\t\t<\/div>\n\t\t\t\n\t\t<div class=\"wpostahs-slider-nav-content\">\n\t\t<h2 class=\"wpostahs-centent-title\">2017<\/h2>\n\t\t\t<div class=\"wpostahs-centent\">\n\t\t\t\t<p>Er\u00f6ffnung eines eigenen Beschichtungszentrums.<\/p>\n\t\t\t<\/div>\n\n\t\t\t\t<\/div>\n\t<\/div>\t\t\t<\/div>\r\n\t\t<\/div>\r\n\t\t\n<\/div><\/section><\/p>\n","protected":false},"excerpt":{"rendered":"","protected":false},"author":1,"featured_media":0,"parent":3897,"menu_order":10,"comment_status":"closed","ping_status":"closed","template":"","meta":{"footnotes":""},"class_list":["post-4030","page","type-page","status-publish","hentry"],"yoast_head":"<!-- This site is optimized with the Yoast SEO plugin v27.3 - https:\/\/yoast.com\/product\/yoast-seo-wordpress\/ -->\n<title>Geschichte - Van Hoorn Carbide<\/title>\n<meta name=\"robots\" content=\"index, follow, max-snippet:-1, max-image-preview:large, max-video-preview:-1\" \/>\n<link rel=\"canonical\" href=\"https:\/\/www.hoorn-carbide.com\/de\/van-hoorn-carbide\/geschichte\/\" \/>\n<meta property=\"og:locale\" content=\"de_DE\" \/>\n<meta property=\"og:type\" content=\"article\" \/>\n<meta property=\"og:title\" content=\"Geschichte - Van Hoorn Carbide\" \/>\n<meta property=\"og:url\" content=\"https:\/\/www.hoorn-carbide.com\/de\/van-hoorn-carbide\/geschichte\/\" \/>\n<meta property=\"og:site_name\" content=\"Van Hoorn Carbide\" \/>\n<meta property=\"article:modified_time\" content=\"2019-12-20T11:02:44+00:00\" \/>\n<meta name=\"twitter:card\" content=\"summary_large_image\" \/>\n<meta name=\"twitter:label1\" content=\"Gesch\u00e4tzte Lesezeit\" \/>\n\t<meta name=\"twitter:data1\" content=\"1\u00a0Minute\" \/>\n<script type=\"application\/ld+json\" class=\"yoast-schema-graph\">{\"@context\":\"https:\\\/\\\/schema.org\",\"@graph\":[{\"@type\":\"WebPage\",\"@id\":\"https:\\\/\\\/www.hoorn-carbide.com\\\/de\\\/van-hoorn-carbide\\\/geschichte\\\/\",\"url\":\"https:\\\/\\\/www.hoorn-carbide.com\\\/de\\\/van-hoorn-carbide\\\/geschichte\\\/\",\"name\":\"Geschichte - Van Hoorn Carbide\",\"isPartOf\":{\"@id\":\"https:\\\/\\\/www.hoorn-carbide.com\\\/#website\"},\"datePublished\":\"2015-10-22T15:31:25+00:00\",\"dateModified\":\"2019-12-20T11:02:44+00:00\",\"breadcrumb\":{\"@id\":\"https:\\\/\\\/www.hoorn-carbide.com\\\/de\\\/van-hoorn-carbide\\\/geschichte\\\/#breadcrumb\"},\"inLanguage\":\"de\",\"potentialAction\":[{\"@type\":\"ReadAction\",\"target\":[\"https:\\\/\\\/www.hoorn-carbide.com\\\/de\\\/van-hoorn-carbide\\\/geschichte\\\/\"]}]},{\"@type\":\"BreadcrumbList\",\"@id\":\"https:\\\/\\\/www.hoorn-carbide.com\\\/de\\\/van-hoorn-carbide\\\/geschichte\\\/#breadcrumb\",\"itemListElement\":[{\"@type\":\"ListItem\",\"position\":1,\"name\":\"Home\",\"item\":\"https:\\\/\\\/www.hoorn-carbide.com\\\/de\\\/home\\\/\"},{\"@type\":\"ListItem\",\"position\":2,\"name\":\"Van Hoorn Carbide\",\"item\":\"https:\\\/\\\/www.hoorn-carbide.com\\\/de\\\/van-hoorn-carbide\\\/\"},{\"@type\":\"ListItem\",\"position\":3,\"name\":\"Geschichte\"}]},{\"@type\":\"WebSite\",\"@id\":\"https:\\\/\\\/www.hoorn-carbide.com\\\/#website\",\"url\":\"https:\\\/\\\/www.hoorn-carbide.com\\\/\",\"name\":\"Van Hoorn Carbide\",\"description\":\"Innovative Solutions\",\"potentialAction\":[{\"@type\":\"SearchAction\",\"target\":{\"@type\":\"EntryPoint\",\"urlTemplate\":\"https:\\\/\\\/www.hoorn-carbide.com\\\/?s={search_term_string}\"},\"query-input\":{\"@type\":\"PropertyValueSpecification\",\"valueRequired\":true,\"valueName\":\"search_term_string\"}}],\"inLanguage\":\"de\"}]}<\/script>\n<!-- \/ Yoast SEO plugin. -->","yoast_head_json":{"title":"Geschichte - Van Hoorn Carbide","robots":{"index":"index","follow":"follow","max-snippet":"max-snippet:-1","max-image-preview":"max-image-preview:large","max-video-preview":"max-video-preview:-1"},"canonical":"https:\/\/www.hoorn-carbide.com\/de\/van-hoorn-carbide\/geschichte\/","og_locale":"de_DE","og_type":"article","og_title":"Geschichte - Van Hoorn Carbide","og_url":"https:\/\/www.hoorn-carbide.com\/de\/van-hoorn-carbide\/geschichte\/","og_site_name":"Van Hoorn Carbide","article_modified_time":"2019-12-20T11:02:44+00:00","twitter_card":"summary_large_image","twitter_misc":{"Gesch\u00e4tzte Lesezeit":"1\u00a0Minute"},"schema":{"@context":"https:\/\/schema.org","@graph":[{"@type":"WebPage","@id":"https:\/\/www.hoorn-carbide.com\/de\/van-hoorn-carbide\/geschichte\/","url":"https:\/\/www.hoorn-carbide.com\/de\/van-hoorn-carbide\/geschichte\/","name":"Geschichte - Van Hoorn Carbide","isPartOf":{"@id":"https:\/\/www.hoorn-carbide.com\/#website"},"datePublished":"2015-10-22T15:31:25+00:00","dateModified":"2019-12-20T11:02:44+00:00","breadcrumb":{"@id":"https:\/\/www.hoorn-carbide.com\/de\/van-hoorn-carbide\/geschichte\/#breadcrumb"},"inLanguage":"de","potentialAction":[{"@type":"ReadAction","target":["https:\/\/www.hoorn-carbide.com\/de\/van-hoorn-carbide\/geschichte\/"]}]},{"@type":"BreadcrumbList","@id":"https:\/\/www.hoorn-carbide.com\/de\/van-hoorn-carbide\/geschichte\/#breadcrumb","itemListElement":[{"@type":"ListItem","position":1,"name":"Home","item":"https:\/\/www.hoorn-carbide.com\/de\/home\/"},{"@type":"ListItem","position":2,"name":"Van Hoorn Carbide","item":"https:\/\/www.hoorn-carbide.com\/de\/van-hoorn-carbide\/"},{"@type":"ListItem","position":3,"name":"Geschichte"}]},{"@type":"WebSite","@id":"https:\/\/www.hoorn-carbide.com\/#website","url":"https:\/\/www.hoorn-carbide.com\/","name":"Van Hoorn Carbide","description":"Innovative Solutions","potentialAction":[{"@type":"SearchAction","target":{"@type":"EntryPoint","urlTemplate":"https:\/\/www.hoorn-carbide.com\/?s={search_term_string}"},"query-input":{"@type":"PropertyValueSpecification","valueRequired":true,"valueName":"search_term_string"}}],"inLanguage":"de"}]}},"_links":{"self":[{"href":"https:\/\/www.hoorn-carbide.com\/de\/wp-json\/wp\/v2\/pages\/4030","targetHints":{"allow":["GET"]}}],"collection":[{"href":"https:\/\/www.hoorn-carbide.com\/de\/wp-json\/wp\/v2\/pages"}],"about":[{"href":"https:\/\/www.hoorn-carbide.com\/de\/wp-json\/wp\/v2\/types\/page"}],"author":[{"embeddable":true,"href":"https:\/\/www.hoorn-carbide.com\/de\/wp-json\/wp\/v2\/users\/1"}],"replies":[{"embeddable":true,"href":"https:\/\/www.hoorn-carbide.com\/de\/wp-json\/wp\/v2\/comments?post=4030"}],"version-history":[{"count":1,"href":"https:\/\/www.hoorn-carbide.com\/de\/wp-json\/wp\/v2\/pages\/4030\/revisions"}],"predecessor-version":[{"id":4031,"href":"https:\/\/www.hoorn-carbide.com\/de\/wp-json\/wp\/v2\/pages\/4030\/revisions\/4031"}],"up":[{"embeddable":true,"href":"https:\/\/www.hoorn-carbide.com\/de\/wp-json\/wp\/v2\/pages\/3897"}],"wp:attachment":[{"href":"https:\/\/www.hoorn-carbide.com\/de\/wp-json\/wp\/v2\/media?parent=4030"}],"curies":[{"name":"wp","href":"https:\/\/api.w.org\/{rel}","templated":true}]}}