{"id":4040,"date":"2015-10-22T15:32:14","date_gmt":"2015-10-22T15:32:14","guid":{"rendered":"https:\/\/www.hoorn-carbide.com\/de\/van-hoorn-carbide\/carriere\/"},"modified":"2019-12-20T12:14:06","modified_gmt":"2019-12-20T11:14:06","slug":"karriere","status":"publish","type":"page","link":"https:\/\/www.hoorn-carbide.com\/de\/van-hoorn-carbide\/karriere\/","title":{"rendered":"Karriere"},"content":{"rendered":"\n<style type=\"text\/css\" data-created_by=\"avia_inline_auto\" id=\"style-css-av-av_one_full-93407bb19249d2c06b1ab9d23b9661df\">\n#top .flex_column.av-av_one_full-93407bb19249d2c06b1ab9d23b9661df{\nmargin-top:0px;\nmargin-bottom:0px;\n}\n.flex_column.av-av_one_full-93407bb19249d2c06b1ab9d23b9661df{\nborder-radius:0px 0px 0px 0px;\npadding:0px 0px 0px 0px;\n}\n.responsive #top #wrap_all .flex_column.av-av_one_full-93407bb19249d2c06b1ab9d23b9661df{\nmargin-top:0px;\nmargin-bottom:0px;\n}\n<\/style>\n<div  class='flex_column av-av_one_full-93407bb19249d2c06b1ab9d23b9661df av_one_full  avia-builder-el-0  el_before_av_one_half  avia-builder-el-first  first flex_column_div av-zero-column-padding  '     ><p>\n<style type=\"text\/css\" data-created_by=\"avia_inline_auto\" id=\"style-css-av-av_heading-b7769c9f01f4497a5683f0ad56d8d1ef\">\n#top .av-special-heading.av-av_heading-b7769c9f01f4497a5683f0ad56d8d1ef{\npadding-bottom:0;\n}\nbody .av-special-heading.av-av_heading-b7769c9f01f4497a5683f0ad56d8d1ef .av-special-heading-tag .heading-char{\nfont-size:25px;\n}\n.av-special-heading.av-av_heading-b7769c9f01f4497a5683f0ad56d8d1ef .av-subheading{\nfont-size:15px;\n}\n<\/style>\n<div  class='av-special-heading av-av_heading-b7769c9f01f4497a5683f0ad56d8d1ef av-special-heading-h2 blockquote modern-quote  avia-builder-el-1  el_before_av_hr  avia-builder-el-first '><h2 class='av-special-heading-tag '  itemprop=\"headline\"  >Karriere<\/h2><div class=\"special-heading-border\"><div class=\"special-heading-inner-border\"><\/div><\/div><\/div><br \/>\n\n<style type=\"text\/css\" data-created_by=\"avia_inline_auto\" id=\"style-css-av-av_hr-e6ff97d662658a54d89daef78872b003\">\n#top .hr.av-av_hr-e6ff97d662658a54d89daef78872b003{\nmargin-top:10px;\nmargin-bottom:10px;\n}\n.hr.av-av_hr-e6ff97d662658a54d89daef78872b003 .hr-inner{\nwidth:50px;\nborder-color:#cd2010;\n}\n<\/style>\n<div  class='hr av-av_hr-e6ff97d662658a54d89daef78872b003 hr-custom  avia-builder-el-2  el_after_av_heading  avia-builder-el-last  hr-left hr-icon-no'><span class='hr-inner inner-border-av-border-fat'><span class=\"hr-inner-style\"><\/span><\/span><\/div><\/p><\/div>\n\n<style type=\"text\/css\" data-created_by=\"avia_inline_auto\" id=\"style-css-av-av_one_half-93407bb19249d2c06b1ab9d23b9661df\">\n#top .flex_column.av-av_one_half-93407bb19249d2c06b1ab9d23b9661df{\nmargin-top:0px;\nmargin-bottom:0px;\n}\n.flex_column.av-av_one_half-93407bb19249d2c06b1ab9d23b9661df{\nborder-radius:0px 0px 0px 0px;\npadding:0px 0px 0px 0px;\n}\n.responsive #top #wrap_all .flex_column.av-av_one_half-93407bb19249d2c06b1ab9d23b9661df{\nmargin-top:0px;\nmargin-bottom:0px;\n}\n<\/style>\n<div  class='flex_column av-av_one_half-93407bb19249d2c06b1ab9d23b9661df av_one_half  avia-builder-el-3  el_after_av_one_full  el_before_av_one_half  first flex_column_div av-zero-column-padding  column-top-margin'     ><section  class='av_textblock_section av-av_textblock-0366cc7376be6c9e82a3e9cc8987b64f '   itemscope=\"itemscope\" itemtype=\"https:\/\/schema.org\/CreativeWork\" ><div class='avia_textblock'  itemprop=\"text\" ><p>Van Hoorn Carbide ist spezialisiert auf die Entwicklung und Herstellung von hochwertigen Hartmetallfr\u00e4sern. Seit mehreren Jahren werden diese Fr\u00e4ser weltweit \u00fcber ein Netz von Distributoren vertrieben. Van Hoorn Carbide charakterisiert sich durch internationalen Fokus, dynamische Interaktion und kurze Kommunikationslinien. Die hochmoderne Produktionsumgebung im stilvollen Hauptsitz befindet sich an der Copernicusstraat 2 in Weert.<\/p>\n<p><strong>Zur Zeit sind keine offenen Stellen vorhanden.<\/strong><\/p>\n<p>Au\u00dferdem ist Van Hoorn Carbide eine zertifizierte Praktikgesellschaft und bietet Ausbildener die M\u00f6glichkeit, als Praktikant zu arbeiten im allen Abteilungen der Gesellschaft, mit professionellen Begleitung. Falls Ihnen eine Praktikausbildung interessieren w\u00fcrde, bitten wir Sie uns ein Email zu schicken mit CV und Begr\u00fcndung an <a href=\"mailto:info@hoorn-carbide.com\">info@hoorn-carbide.com<\/a>.<\/p>\n<\/div><\/section><\/div>\n\n<style type=\"text\/css\" data-created_by=\"avia_inline_auto\" id=\"style-css-av-av_one_half-531d5d4d3d3a74d4c56d8363993d8877\">\n#top .flex_column.av-av_one_half-531d5d4d3d3a74d4c56d8363993d8877{\nmargin-top:0px;\nmargin-bottom:0px;\n}\n.flex_column.av-av_one_half-531d5d4d3d3a74d4c56d8363993d8877{\nborder-radius:0px 0px 0px 0px;\npadding:0px 0px 0px 0px;\n}\n.responsive #top #wrap_all .flex_column.av-av_one_half-531d5d4d3d3a74d4c56d8363993d8877{\nmargin-top:0px;\nmargin-bottom:0px;\n}\n<\/style>\n<div  class='flex_column av-av_one_half-531d5d4d3d3a74d4c56d8363993d8877 av_one_half  avia-builder-el-5  el_after_av_one_half  avia-builder-el-last  flex_column_div av-zero-column-padding  column-top-margin'     ><style type=\"text\/css\" data-created_by=\"avia_inline_auto\" id=\"style-css-av-av_image-8c88f56ce5f14f0134e1cb94eab6f4ae\">\n.avia-image-container.av-av_image-8c88f56ce5f14f0134e1cb94eab6f4ae img.avia_image{\nbox-shadow:none;\n}\n.avia-image-container.av-av_image-8c88f56ce5f14f0134e1cb94eab6f4ae .av-image-caption-overlay-center{\ncolor:#ffffff;\n}\n<\/style>\n<div  class='avia-image-container av-av_image-8c88f56ce5f14f0134e1cb94eab6f4ae av-styling-no-styling avia-align-center  avia-builder-el-6  avia-builder-el-no-sibling '   itemprop=\"image\" itemscope=\"itemscope\" itemtype=\"https:\/\/schema.org\/ImageObject\" ><div class=\"avia-image-container-inner\"><div class=\"avia-image-overlay-wrap\"><img fetchpriority=\"high\" class='wp-image-7904 avia-img-lazy-loading-not-7904 avia_image ' src='https:\/\/www.hoorn-carbide.com\/wp-content\/uploads\/2015\/10\/VanHoorn2019-27-3-300x200.jpg' alt='Van Hoorn Carbide' title='VanHoorn2019-27'  height=\"200\" width=\"300\"  itemprop=\"thumbnailUrl\"  \/><\/div><\/div><\/div><\/div>\n","protected":false},"excerpt":{"rendered":"","protected":false},"author":1,"featured_media":0,"parent":3897,"menu_order":40,"comment_status":"closed","ping_status":"closed","template":"","meta":{"footnotes":""},"class_list":["post-4040","page","type-page","status-publish","hentry"],"yoast_head":"<!-- This site is optimized with the Yoast SEO plugin v27.3 - https:\/\/yoast.com\/product\/yoast-seo-wordpress\/ -->\n<title>Karriere - Van Hoorn Carbide<\/title>\n<meta name=\"robots\" content=\"index, follow, max-snippet:-1, max-image-preview:large, max-video-preview:-1\" \/>\n<link rel=\"canonical\" href=\"https:\/\/www.hoorn-carbide.com\/van-hoorn-carbide\/carriere\/\" \/>\n<meta property=\"og:locale\" content=\"de_DE\" \/>\n<meta property=\"og:type\" content=\"article\" \/>\n<meta property=\"og:title\" content=\"Karriere - Van Hoorn Carbide\" \/>\n<meta property=\"og:url\" content=\"https:\/\/www.hoorn-carbide.com\/van-hoorn-carbide\/carriere\/\" \/>\n<meta property=\"og:site_name\" content=\"Van Hoorn Carbide\" \/>\n<meta property=\"article:modified_time\" content=\"2019-12-20T11:14:06+00:00\" \/>\n<meta name=\"twitter:card\" content=\"summary_large_image\" \/>\n<meta name=\"twitter:label1\" content=\"Gesch\u00e4tzte Lesezeit\" \/>\n\t<meta name=\"twitter:data1\" content=\"2\u00a0Minuten\" \/>\n<script type=\"application\/ld+json\" class=\"yoast-schema-graph\">{\"@context\":\"https:\\\/\\\/schema.org\",\"@graph\":[{\"@type\":\"WebPage\",\"@id\":\"https:\\\/\\\/www.hoorn-carbide.com\\\/van-hoorn-carbide\\\/carriere\\\/\",\"url\":\"https:\\\/\\\/www.hoorn-carbide.com\\\/van-hoorn-carbide\\\/carriere\\\/\",\"name\":\"Karriere - Van Hoorn Carbide\",\"isPartOf\":{\"@id\":\"https:\\\/\\\/www.hoorn-carbide.com\\\/#website\"},\"datePublished\":\"2015-10-22T15:32:14+00:00\",\"dateModified\":\"2019-12-20T11:14:06+00:00\",\"breadcrumb\":{\"@id\":\"https:\\\/\\\/www.hoorn-carbide.com\\\/van-hoorn-carbide\\\/carriere\\\/#breadcrumb\"},\"inLanguage\":\"de\",\"potentialAction\":[{\"@type\":\"ReadAction\",\"target\":[\"https:\\\/\\\/www.hoorn-carbide.com\\\/van-hoorn-carbide\\\/carriere\\\/\"]}]},{\"@type\":\"BreadcrumbList\",\"@id\":\"https:\\\/\\\/www.hoorn-carbide.com\\\/van-hoorn-carbide\\\/carriere\\\/#breadcrumb\",\"itemListElement\":[{\"@type\":\"ListItem\",\"position\":1,\"name\":\"Home\",\"item\":\"https:\\\/\\\/www.hoorn-carbide.com\\\/de\\\/home\\\/\"},{\"@type\":\"ListItem\",\"position\":2,\"name\":\"Van Hoorn Carbide\",\"item\":\"https:\\\/\\\/www.hoorn-carbide.com\\\/de\\\/van-hoorn-carbide\\\/\"},{\"@type\":\"ListItem\",\"position\":3,\"name\":\"Karriere\"}]},{\"@type\":\"WebSite\",\"@id\":\"https:\\\/\\\/www.hoorn-carbide.com\\\/#website\",\"url\":\"https:\\\/\\\/www.hoorn-carbide.com\\\/\",\"name\":\"Van Hoorn Carbide\",\"description\":\"Innovative Solutions\",\"potentialAction\":[{\"@type\":\"SearchAction\",\"target\":{\"@type\":\"EntryPoint\",\"urlTemplate\":\"https:\\\/\\\/www.hoorn-carbide.com\\\/?s={search_term_string}\"},\"query-input\":{\"@type\":\"PropertyValueSpecification\",\"valueRequired\":true,\"valueName\":\"search_term_string\"}}],\"inLanguage\":\"de\"}]}<\/script>\n<!-- \/ Yoast SEO plugin. -->","yoast_head_json":{"title":"Karriere - Van Hoorn Carbide","robots":{"index":"index","follow":"follow","max-snippet":"max-snippet:-1","max-image-preview":"max-image-preview:large","max-video-preview":"max-video-preview:-1"},"canonical":"https:\/\/www.hoorn-carbide.com\/van-hoorn-carbide\/carriere\/","og_locale":"de_DE","og_type":"article","og_title":"Karriere - Van Hoorn Carbide","og_url":"https:\/\/www.hoorn-carbide.com\/van-hoorn-carbide\/carriere\/","og_site_name":"Van Hoorn Carbide","article_modified_time":"2019-12-20T11:14:06+00:00","twitter_card":"summary_large_image","twitter_misc":{"Gesch\u00e4tzte Lesezeit":"2\u00a0Minuten"},"schema":{"@context":"https:\/\/schema.org","@graph":[{"@type":"WebPage","@id":"https:\/\/www.hoorn-carbide.com\/van-hoorn-carbide\/carriere\/","url":"https:\/\/www.hoorn-carbide.com\/van-hoorn-carbide\/carriere\/","name":"Karriere - Van Hoorn Carbide","isPartOf":{"@id":"https:\/\/www.hoorn-carbide.com\/#website"},"datePublished":"2015-10-22T15:32:14+00:00","dateModified":"2019-12-20T11:14:06+00:00","breadcrumb":{"@id":"https:\/\/www.hoorn-carbide.com\/van-hoorn-carbide\/carriere\/#breadcrumb"},"inLanguage":"de","potentialAction":[{"@type":"ReadAction","target":["https:\/\/www.hoorn-carbide.com\/van-hoorn-carbide\/carriere\/"]}]},{"@type":"BreadcrumbList","@id":"https:\/\/www.hoorn-carbide.com\/van-hoorn-carbide\/carriere\/#breadcrumb","itemListElement":[{"@type":"ListItem","position":1,"name":"Home","item":"https:\/\/www.hoorn-carbide.com\/de\/home\/"},{"@type":"ListItem","position":2,"name":"Van Hoorn Carbide","item":"https:\/\/www.hoorn-carbide.com\/de\/van-hoorn-carbide\/"},{"@type":"ListItem","position":3,"name":"Karriere"}]},{"@type":"WebSite","@id":"https:\/\/www.hoorn-carbide.com\/#website","url":"https:\/\/www.hoorn-carbide.com\/","name":"Van Hoorn Carbide","description":"Innovative Solutions","potentialAction":[{"@type":"SearchAction","target":{"@type":"EntryPoint","urlTemplate":"https:\/\/www.hoorn-carbide.com\/?s={search_term_string}"},"query-input":{"@type":"PropertyValueSpecification","valueRequired":true,"valueName":"search_term_string"}}],"inLanguage":"de"}]}},"_links":{"self":[{"href":"https:\/\/www.hoorn-carbide.com\/de\/wp-json\/wp\/v2\/pages\/4040","targetHints":{"allow":["GET"]}}],"collection":[{"href":"https:\/\/www.hoorn-carbide.com\/de\/wp-json\/wp\/v2\/pages"}],"about":[{"href":"https:\/\/www.hoorn-carbide.com\/de\/wp-json\/wp\/v2\/types\/page"}],"author":[{"embeddable":true,"href":"https:\/\/www.hoorn-carbide.com\/de\/wp-json\/wp\/v2\/users\/1"}],"replies":[{"embeddable":true,"href":"https:\/\/www.hoorn-carbide.com\/de\/wp-json\/wp\/v2\/comments?post=4040"}],"version-history":[{"count":4,"href":"https:\/\/www.hoorn-carbide.com\/de\/wp-json\/wp\/v2\/pages\/4040\/revisions"}],"predecessor-version":[{"id":5464,"href":"https:\/\/www.hoorn-carbide.com\/de\/wp-json\/wp\/v2\/pages\/4040\/revisions\/5464"}],"up":[{"embeddable":true,"href":"https:\/\/www.hoorn-carbide.com\/de\/wp-json\/wp\/v2\/pages\/3897"}],"wp:attachment":[{"href":"https:\/\/www.hoorn-carbide.com\/de\/wp-json\/wp\/v2\/media?parent=4040"}],"curies":[{"name":"wp","href":"https:\/\/api.w.org\/{rel}","templated":true}]}}